{"id":14628,"date":"2017-10-16T13:06:09","date_gmt":"2017-10-16T11:06:09","guid":{"rendered":"https:\/\/bluleg.com\/serveis\/"},"modified":"2024-03-08T02:36:07","modified_gmt":"2024-03-08T01:36:07","slug":"serveis","status":"publish","type":"page","link":"https:\/\/bluleg.com\/ca\/serveis\/","title":{"rendered":"Serveis"},"content":{"rendered":"<div class=\"wpb-content-wrapper\"><p>[vc_row][vc_column]\r\n\t<div class=\"agrikole-spacer clearfix\" data-desktop=\"120\" data-mobi=\"60\" data-smobi=\"60\"><\/div>[vc_row_inner][vc_column_inner width=&#8221;1\/2&#8243;]<div class=\"agrikole-content-box clearfix \" data-padding=\"0px 70px 0px 0px\" data-mobipadding=\"0px 0px 0px 0px\" data-margin=\"\" data-mobimargin=\"\" >\r\n\t\t<div class=\"inner ctb-1491489301\" style=\"\"  data-background=\"\" data-border-style=\"solid\" data-border-style-hover=\"solid\">\r\n\t\t\t<div class=\"agrikole-simple-image simple \" style=\"border-radius:5px;overflow:hidden;\">\r\n\t\t\t\t<img decoding=\"async\" alt=\"image\" src=\"https:\/\/bluleg.com\/wp-content\/uploads\/2024\/03\/tractor-and-olive-trees-2023-11-27-05-12-54-utc.square-1.webp\" \/> \r\n\t\t\t<\/div>\r\n\t\t<\/div>\r\n\t<\/div>\r\n\t<div class=\"agrikole-spacer clearfix\" data-desktop=\"0\" data-mobi=\"40\" data-smobi=\"40\"><\/div>[\/vc_column_inner][vc_column_inner width=&#8221;1\/2&#8243;]<div class=\"agrikole-headings clearfix \" data-font=70 data-mfont=60 style=\"\"><div class=\"pre-heading clearfix\" style=\"font-weight:600;color:#5b8c51;font-size:14px;letter-spacing:3px;\">\r\n\t\tSERVICIOS GENERALES BLULEG\r\n\t<\/div><h2 class=\"heading clearfix \" style=\"line-height:70px;font-size:70px;\">\r\n\t\tPRODUCCI\u00d3 D&#039;OLI D&#039;OLIVA MARE DE D\u00c9U\r\n\t<\/h2><div class=\"sep clearfix\" style=\"margin:5px 0 0;\">\r\n\t\t\t\t<img decoding=\"async\" alt=\"image\" src=\"https:\/\/bluleg.com\/wp-content\/uploads\/2020\/01\/separator.png\">\r\n\t\t\t<\/div><\/div>\r\n\t<div class=\"agrikole-spacer clearfix\" data-desktop=\"40\" data-mobi=\"30\" data-smobi=\"30\"><\/div><div class=\"agrikole-text clearfix \" style=\"\"><p><span>En SERVICIOS GENERALES BLULEG S.L., ofrecemos una gama completa de servicios para garantizar la excelencia en cada etapa de producci\u00f3n del aceite de oliva virgen extra. Desde el cuidado integral de los olivares hasta la recolecci\u00f3n y la elaboraci\u00f3n del aceite, nuestra oferta incluye:<\/span><\/p>\n<\/div>\r\n\t<div class=\"agrikole-spacer clearfix\" data-desktop=\"50\" data-mobi=\"30\" data-smobi=\"30\"><\/div>[\/vc_column_inner][\/vc_row_inner]\r\n\t<div class=\"agrikole-spacer clearfix\" data-desktop=\"100\" data-mobi=\"60\" data-smobi=\"60\"><\/div>[\/vc_column][\/vc_row][vc_row full_width=&#8221;stretch_row&#8221; css=&#8221;.vc_custom_1582081292975{background-image: url(http:\/\/ninzio.com\/agrikole\/wp-content\/uploads\/2020\/02\/section-bg2.png?id=13329) !important;background-position: center !important;background-repeat: no-repeat !important;background-size: cover !important;}&#8221; el_class=&#8221;overflow-visible&#8221;][vc_column]\r\n\t<div class=\"agrikole-spacer clearfix\" data-desktop=\"110\" data-mobi=\"60\" data-smobi=\"60\"><\/div>\r\n\t<div class=\"agrikole-spacer clearfix\" data-desktop=\"55\" data-mobi=\"40\" data-smobi=\"40\"><\/div>[vc_row_inner][vc_column_inner width=&#8221;1\/4&#8243;]<div class=\"agrikole-content-box clearfix \" data-padding=\"34px 40px\" data-mobipadding=\"34px 40px\" data-margin=\"\" data-mobimargin=\"\" >\r\n\t\t<div class=\"inner ctb-560957465\" style=\"\"  data-background=\"#404a3d\" data-rounded=\"5px\" data-border-color=\"rgba(255,255,255,0.15)\" data-border-width=\"1px\" data-border-style=\"solid\" data-border-style-hover=\"solid\" data-translatey=\"-5\">\r\n\t\t\t<div class=\"agrikole-icon-box clearfix icon-top align-left  link-hover-accent simple\" style=\"\" ><div class=\"wrap-inner\" style=\"position: relative;\"><div class=\"agrikole-icon icon-845492236 icon-font custom custom\"  data-icon=\"#ecdd5e\" data-background=\"\">\r\n\t\t\t<span class=\"icon\" style=\"font-size:62px;border-style:solid;line-height:62px;\"><i class=\"agri-tractor\"><\/i><\/span>\r\n\t\t<\/div> <div class=\"content-wrap\"><h3 class=\"heading  white\" style=\"color:#ffffff;font-size:26px;\">\r\n\t\t\t<span>GESTI\u00d3<\/span>\r\n\t\t<\/h3><div class=\"desc\" style=\"\"><p>Gesti\u00f3 i manteniment de terrenys dedicats a l&#8217;oliverar.<\/p>\n<\/div><\/div><\/div><\/div>\r\n\t\t<\/div>\r\n\t<\/div>\r\n\t<div class=\"agrikole-spacer clearfix\" data-desktop=\"0\" data-mobi=\"30\" data-smobi=\"30\"><\/div>[\/vc_column_inner][vc_column_inner width=&#8221;1\/4&#8243;]<div class=\"agrikole-content-box clearfix \" data-padding=\"34px 40px\" data-mobipadding=\"34px 40px\" data-margin=\"\" data-mobimargin=\"\" >\r\n\t\t<div class=\"inner ctb-1814978674\" style=\"\"  data-background=\"#ecdd5e\" data-rounded=\"5px\" data-border-color=\"rgba(255,255,255,0.15)\" data-border-width=\"1px\" data-border-style=\"solid\" data-border-style-hover=\"solid\" data-translatey=\"-5\">\r\n\t\t\t<div class=\"agrikole-icon-box clearfix icon-top align-left  link-hover-accent simple\" style=\"\" ><div class=\"wrap-inner\" style=\"position: relative;\"><div class=\"agrikole-icon icon-1153159577 icon-font custom custom\"  data-icon=\"#404a3d\" data-background=\"\">\r\n\t\t\t<span class=\"icon\" style=\"font-size:62px;border-style:solid;line-height:62px;\"><i class=\"agri-cart\"><\/i><\/span>\r\n\t\t<\/div> <div class=\"content-wrap\"><h3 class=\"heading \" style=\"font-weight:700;color:#404a3d;font-size:26px;\">\r\n\t\t\t<span>TRACTAMENTS<\/span>\r\n\t\t<\/h3><div class=\"desc\" style=\"\"><p><span>Serveis de reg, poda i tractaments fitosanitaris.<\/span><\/p>\n<\/div><\/div><\/div><\/div>\r\n\t\t<\/div>\r\n\t<\/div>\r\n\t<div class=\"agrikole-spacer clearfix\" data-desktop=\"0\" data-mobi=\"30\" data-smobi=\"30\"><\/div>[\/vc_column_inner][vc_column_inner width=&#8221;1\/4&#8243;]<div class=\"agrikole-content-box clearfix \" data-padding=\"34px 40px\" data-mobipadding=\"34px 40px\" data-margin=\"\" data-mobimargin=\"\" >\r\n\t\t<div class=\"inner ctb-168807230\" style=\"\"  data-background=\"#404a3d\" data-rounded=\"5px\" data-border-color=\"rgba(255,255,255,0.15)\" data-border-width=\"1px\" data-border-style=\"solid\" data-border-style-hover=\"solid\" data-translatey=\"-5\">\r\n\t\t\t<div class=\"agrikole-icon-box clearfix icon-top align-left  link-hover-accent simple\" style=\"\" ><div class=\"wrap-inner\" style=\"position: relative;\"><div class=\"agrikole-icon icon-959008523 icon-font custom custom\"  data-icon=\"#ecdd5e\" data-background=\"\">\r\n\t\t\t<span class=\"icon\" style=\"font-size:62px;border-style:solid;line-height:62px;\"><i class=\"agri-glove\"><\/i><\/span>\r\n\t\t<\/div> <div class=\"content-wrap\"><h3 class=\"heading  white\" style=\"font-weight:700;color:#ffffff;font-size:26px;\">\r\n\t\t\t<span>RECOL\u00b7LECTA<\/span>\r\n\t\t<\/h3><div class=\"desc\" style=\"\"><p><span>Recollida d&#8217;olives al punt \u00f2ptim de maduraci\u00f3.<\/span><\/p>\n<\/div><\/div><\/div><\/div>\r\n\t\t<\/div>\r\n\t<\/div>\r\n\t<div class=\"agrikole-spacer clearfix\" data-desktop=\"0\" data-mobi=\"30\" data-smobi=\"30\"><\/div>[\/vc_column_inner][vc_column_inner width=&#8221;1\/4&#8243;]<div class=\"agrikole-content-box clearfix \" data-padding=\"34px 40px\" data-mobipadding=\"34px 40px\" data-margin=\"\" data-mobimargin=\"\" >\r\n\t\t<div class=\"inner ctb-717678334\" style=\"\"  data-background=\"#404a3d\" data-rounded=\"5px\" data-border-color=\"rgba(255,255,255,0.15)\" data-border-width=\"1px\" data-border-style=\"solid\" data-border-style-hover=\"solid\" data-translatey=\"-5\">\r\n\t\t\t<div class=\"agrikole-icon-box clearfix icon-top align-left  link-hover-accent simple\" style=\"\" ><div class=\"wrap-inner\" style=\"position: relative;\"><div class=\"agrikole-icon icon-1356224082 icon-font custom custom\"  data-icon=\"#ecdd5e\" data-background=\"\">\r\n\t\t\t<span class=\"icon\" style=\"font-size:62px;border-style:solid;line-height:62px;\"><i class=\"agri-male\"><\/i><\/span>\r\n\t\t<\/div> <div class=\"content-wrap\"><h3 class=\"heading  white\" style=\"font-weight:700;color:#ffffff;font-size:26px;\">\r\n\t\t\t<span>MOLTURACI\u00d3<\/span>\r\n\t\t<\/h3><div class=\"desc\" style=\"\"><p><span>Col\u00b7laboraci\u00f3 amb ALMAZARA CUCURULL per a la producci\u00f3 d\u00b4oli.<\/span><\/p>\n<\/div><\/div><\/div><\/div>\r\n\t\t<\/div>\r\n\t<\/div>[\/vc_column_inner][\/vc_row_inner]\r\n\t<div class=\"agrikole-spacer clearfix\" data-desktop=\"120\" data-mobi=\"60\" data-smobi=\"60\"><\/div>[\/vc_column][\/vc_row][vc_row full_width=&#8221;stretch_row&#8221; halfbg=&#8221;color&#8221; halfbg_color=&#8221;#dd9933&#8243; bg_color=&#8221;&#8221; bg_position=&#8221;&#8221;][vc_column][vc_row_inner equal_height=&#8221;yes&#8221;][vc_column_inner width=&#8221;1\/2&#8243; halfbg=&#8221;color&#8221; halfbg_color=&#8221;#f5f0e9&#8243; halfbg_rounded=&#8221;0px 0px 5px 0px&#8221;]\r\n\t<div class=\"agrikole-spacer clearfix\" data-desktop=\"118\" data-mobi=\"50\" data-smobi=\"50\"><\/div><div class=\"agrikole-headings clearfix \" data-font=70 data-mfont=60 style=\"\"><div class=\"pre-heading clearfix\" style=\"font-weight:600;color:#5b8c51;font-size:14px;letter-spacing:3px;\">\r\n\t\tGESTI\u00d3N DE OLIVARES\r\n\t<\/div><h2 class=\"heading clearfix \" style=\"line-height:70px;font-size:70px;\">\r\n\t\tSERVEIS GENERALS<br \/>\nBLULEG SL\r\n\t<\/h2><div class=\"sep clearfix\" style=\"margin:5px 0 0;\">\r\n\t\t\t\t<img decoding=\"async\" alt=\"image\" src=\"https:\/\/bluleg.com\/wp-content\/uploads\/2020\/01\/separator.png\">\r\n\t\t\t<\/div><\/div>\r\n\t<div class=\"agrikole-spacer clearfix\" data-desktop=\"45\" data-mobi=\"40\" data-smobi=\"40\"><\/div>[vc_column_text]<\/p>\n<div style=\"color: #000;\">A SERVEIS GENERALS BLULEG SL, oferim una gamma completa de serveis per garantir l&#8217;excel\u00b7l\u00e8ncia a cada etapa de producci\u00f3 de l&#8217;oli d&#8217;oliva verge extra. Des de la cura integral dels oliverars fins a la recol\u00b7lecci\u00f3 i l&#8217;elaboraci\u00f3 de l&#8217;oli, la nostra oferta inclou:<\/div>\n<p>[\/vc_column_text]\r\n\t<div class=\"agrikole-spacer clearfix\" data-desktop=\"50\" data-mobi=\"35\" data-smobi=\"35\"><\/div><div class=\"button-wrap icon-right\" style=\"\" ><a href=\"\/contacto\" target=\"_self\" class=\"agrikole-button btn-1441717100 medium no_icon accent custom\" style=\"border-radius:5px;\"  data-text=\"#ffffff\" data-text-hover=\"#ffffff\" data-background-hover=\"#404a3d\">\r\n\t\t<span style=\"\">DEMANI INFORMACI\u00d3 <\/span>\r\n\t<\/a><\/div>\r\n\t<div class=\"agrikole-spacer clearfix\" data-desktop=\"120\" data-mobi=\"60\" data-smobi=\"60\"><\/div>[\/vc_column_inner][vc_column_inner width=&#8221;1\/2&#8243;]\r\n\t<div class=\"agrikole-parallax-box\"><div class=\"parallax-wrap\"><div class=\"agrikole-parallax-item \" style=\"left:auto;right:-47%;margin-top:37%;border-radius:0px 5px 5px 0px;\" data-parallax='{\"y\" : -30, \"smoothness\" : 30}' data-top=\"37%\"><img decoding=\"async\" class=\"parallax-image\" src=\"https:\/\/bluleg.com\/wp-content\/uploads\/2020\/02\/circle.png\" alt=\"image\"><\/div><div class=\"agrikole-parallax-item \" style=\"left:-15px;margin-top:18%;border-radius:0px 5px 5px 0px;\" data-parallax='{\"y\" : -50, \"smoothness\" : 30}' data-top=\"18%\"><img decoding=\"async\" class=\"parallax-image\" src=\"https:\/\/bluleg.com\/wp-content\/uploads\/2024\/03\/woman-in-an-olive-grove-unripe-olive-crop-2023-11-27-05-35-43-utc-copia.webp\" alt=\"image\"><\/div><\/div><\/div>[\/vc_column_inner][\/vc_row_inner][\/vc_column][\/vc_row]<\/p>\n<\/div>","protected":false},"excerpt":{"rendered":"<p>[vc_row][vc_column][vc_row_inner][vc_column_inner width=&#8221;1\/2&#8243;][\/vc_column_inner][vc_column_inner width=&#8221;1\/2&#8243;][\/vc_column_inner][\/vc_row_inner][\/vc_column][\/vc_row][vc_row full_width=&#8221;stretch_row&#8221; css=&#8221;.vc_custom_1582081292975{background-image: url(http:\/\/ninzio.com\/agrikole\/wp-content\/uploads\/2020\/02\/section-bg2.png?id=13329) !important;background-position: center !important;background-repeat: no-repeat !important;background-size: cover !important;}&#8221; el_class=&#8221;overflow-visible&#8221;][vc_column][vc_row_inner][vc_column_inner width=&#8221;1\/4&#8243;][\/vc_column_inner][vc_column_inner width=&#8221;1\/4&#8243;][\/vc_column_inner][vc_column_inner width=&#8221;1\/4&#8243;][\/vc_column_inner][vc_column_inner width=&#8221;1\/4&#8243;][\/vc_column_inner][\/vc_row_inner][\/vc_column][\/vc_row][vc_row full_width=&#8221;stretch_row&#8221; halfbg=&#8221;color&#8221; halfbg_color=&#8221;#dd9933&#8243; bg_color=&#8221;&#8221; bg_position=&#8221;&#8221;][vc_column][vc_row_inner equal_height=&#8221;yes&#8221;][vc_column_inner width=&#8221;1\/2&#8243; halfbg=&#8221;color&#8221; halfbg_color=&#8221;#f5f0e9&#8243; halfbg_rounded=&#8221;0px 0px 5px 0px&#8221;][vc_column_text] A SERVEIS GENERALS BLULEG SL, oferim una gamma completa de serveis per garantir l&#8217;excel\u00b7l\u00e8ncia a cada etapa de producci\u00f3<\/p>\n","protected":false},"author":2,"featured_media":0,"parent":0,"menu_order":400,"comment_status":"closed","ping_status":"closed","template":"","meta":{"inline_featured_image":false,"footnotes":""},"class_list":["post-14628","page","type-page","status-publish","hentry"],"yoast_head":"<!-- This site is optimized with the Yoast SEO plugin v24.1 - https:\/\/yoast.com\/wordpress\/plugins\/seo\/ -->\n<title>Serveis - Servicios Generales Bluleg<\/title>\n<meta name=\"robots\" content=\"index, follow, max-snippet:-1, max-image-preview:large, max-video-preview:-1\" \/>\n<link rel=\"canonical\" href=\"https:\/\/bluleg.com\/ca\/serveis\/\" \/>\n<meta property=\"og:locale\" content=\"ca_ES\" \/>\n<meta property=\"og:type\" content=\"article\" \/>\n<meta property=\"og:title\" content=\"Serveis - Servicios Generales Bluleg\" \/>\n<meta property=\"og:description\" content=\"[vc_row][vc_column][vc_row_inner][vc_column_inner width=&#8221;1\/2&#8243;][\/vc_column_inner][vc_column_inner width=&#8221;1\/2&#8243;][\/vc_column_inner][\/vc_row_inner][\/vc_column][\/vc_row][vc_row full_width=&#8221;stretch_row&#8221; css=&#8221;.vc_custom_1582081292975{background-image: url(http:\/\/ninzio.com\/agrikole\/wp-content\/uploads\/2020\/02\/section-bg2.png?id=13329) !important;background-position: center !important;background-repeat: no-repeat !important;background-size: cover !important;}&#8221; el_class=&#8221;overflow-visible&#8221;][vc_column][vc_row_inner][vc_column_inner width=&#8221;1\/4&#8243;][\/vc_column_inner][vc_column_inner width=&#8221;1\/4&#8243;][\/vc_column_inner][vc_column_inner width=&#8221;1\/4&#8243;][\/vc_column_inner][vc_column_inner width=&#8221;1\/4&#8243;][\/vc_column_inner][\/vc_row_inner][\/vc_column][\/vc_row][vc_row full_width=&#8221;stretch_row&#8221; halfbg=&#8221;color&#8221; halfbg_color=&#8221;#dd9933&#8243; bg_color=&#8221;&#8221; bg_position=&#8221;&#8221;][vc_column][vc_row_inner equal_height=&#8221;yes&#8221;][vc_column_inner width=&#8221;1\/2&#8243; halfbg=&#8221;color&#8221; halfbg_color=&#8221;#f5f0e9&#8243; halfbg_rounded=&#8221;0px 0px 5px 0px&#8221;][vc_column_text] A SERVEIS GENERALS BLULEG SL, oferim una gamma completa de serveis per garantir l&#8217;excel\u00b7l\u00e8ncia a cada etapa de producci\u00f3\" \/>\n<meta property=\"og:url\" content=\"https:\/\/bluleg.com\/ca\/serveis\/\" \/>\n<meta property=\"og:site_name\" content=\"Servicios Generales Bluleg\" \/>\n<meta property=\"article:modified_time\" content=\"2024-03-08T01:36:07+00:00\" \/>\n<meta name=\"twitter:card\" content=\"summary_large_image\" \/>\n<meta name=\"twitter:label1\" content=\"Temps estimat de lectura\" \/>\n\t<meta name=\"twitter:data1\" content=\"4 minuts\" \/>\n<script type=\"application\/ld+json\" class=\"yoast-schema-graph\">{\"@context\":\"https:\/\/schema.org\",\"@graph\":[{\"@type\":\"WebPage\",\"@id\":\"https:\/\/bluleg.com\/ca\/serveis\/\",\"url\":\"https:\/\/bluleg.com\/ca\/serveis\/\",\"name\":\"Serveis - Servicios Generales Bluleg\",\"isPartOf\":{\"@id\":\"https:\/\/bluleg.com\/ca\/#website\"},\"datePublished\":\"2017-10-16T11:06:09+00:00\",\"dateModified\":\"2024-03-08T01:36:07+00:00\",\"breadcrumb\":{\"@id\":\"https:\/\/bluleg.com\/ca\/serveis\/#breadcrumb\"},\"inLanguage\":\"ca\",\"potentialAction\":[{\"@type\":\"ReadAction\",\"target\":[\"https:\/\/bluleg.com\/ca\/serveis\/\"]}]},{\"@type\":\"BreadcrumbList\",\"@id\":\"https:\/\/bluleg.com\/ca\/serveis\/#breadcrumb\",\"itemListElement\":[{\"@type\":\"ListItem\",\"position\":1,\"name\":\"Portada\",\"item\":\"https:\/\/bluleg.com\/ca\/\"},{\"@type\":\"ListItem\",\"position\":2,\"name\":\"Serveis\"}]},{\"@type\":\"WebSite\",\"@id\":\"https:\/\/bluleg.com\/ca\/#website\",\"url\":\"https:\/\/bluleg.com\/ca\/\",\"name\":\"Servicios Generales Bluleg\",\"description\":\"\",\"publisher\":{\"@id\":\"https:\/\/bluleg.com\/ca\/#organization\"},\"potentialAction\":[{\"@type\":\"SearchAction\",\"target\":{\"@type\":\"EntryPoint\",\"urlTemplate\":\"https:\/\/bluleg.com\/ca\/?s={search_term_string}\"},\"query-input\":{\"@type\":\"PropertyValueSpecification\",\"valueRequired\":true,\"valueName\":\"search_term_string\"}}],\"inLanguage\":\"ca\"},{\"@type\":\"Organization\",\"@id\":\"https:\/\/bluleg.com\/ca\/#organization\",\"name\":\"Servicios Generales Bluleg\",\"url\":\"https:\/\/bluleg.com\/ca\/\",\"logo\":{\"@type\":\"ImageObject\",\"inLanguage\":\"ca\",\"@id\":\"https:\/\/bluleg.com\/ca\/#\/schema\/logo\/image\/\",\"url\":\"\",\"contentUrl\":\"\",\"caption\":\"Servicios Generales Bluleg\"},\"image\":{\"@id\":\"https:\/\/bluleg.com\/ca\/#\/schema\/logo\/image\/\"}}]}<\/script>\n<!-- \/ Yoast SEO plugin. -->","yoast_head_json":{"title":"Serveis - Servicios Generales Bluleg","robots":{"index":"index","follow":"follow","max-snippet":"max-snippet:-1","max-image-preview":"max-image-preview:large","max-video-preview":"max-video-preview:-1"},"canonical":"https:\/\/bluleg.com\/ca\/serveis\/","og_locale":"ca_ES","og_type":"article","og_title":"Serveis - Servicios Generales Bluleg","og_description":"[vc_row][vc_column][vc_row_inner][vc_column_inner width=&#8221;1\/2&#8243;][\/vc_column_inner][vc_column_inner width=&#8221;1\/2&#8243;][\/vc_column_inner][\/vc_row_inner][\/vc_column][\/vc_row][vc_row full_width=&#8221;stretch_row&#8221; css=&#8221;.vc_custom_1582081292975{background-image: url(http:\/\/ninzio.com\/agrikole\/wp-content\/uploads\/2020\/02\/section-bg2.png?id=13329) !important;background-position: center !important;background-repeat: no-repeat !important;background-size: cover !important;}&#8221; el_class=&#8221;overflow-visible&#8221;][vc_column][vc_row_inner][vc_column_inner width=&#8221;1\/4&#8243;][\/vc_column_inner][vc_column_inner width=&#8221;1\/4&#8243;][\/vc_column_inner][vc_column_inner width=&#8221;1\/4&#8243;][\/vc_column_inner][vc_column_inner width=&#8221;1\/4&#8243;][\/vc_column_inner][\/vc_row_inner][\/vc_column][\/vc_row][vc_row full_width=&#8221;stretch_row&#8221; halfbg=&#8221;color&#8221; halfbg_color=&#8221;#dd9933&#8243; bg_color=&#8221;&#8221; bg_position=&#8221;&#8221;][vc_column][vc_row_inner equal_height=&#8221;yes&#8221;][vc_column_inner width=&#8221;1\/2&#8243; halfbg=&#8221;color&#8221; halfbg_color=&#8221;#f5f0e9&#8243; halfbg_rounded=&#8221;0px 0px 5px 0px&#8221;][vc_column_text] A SERVEIS GENERALS BLULEG SL, oferim una gamma completa de serveis per garantir l&#8217;excel\u00b7l\u00e8ncia a cada etapa de producci\u00f3","og_url":"https:\/\/bluleg.com\/ca\/serveis\/","og_site_name":"Servicios Generales Bluleg","article_modified_time":"2024-03-08T01:36:07+00:00","twitter_card":"summary_large_image","twitter_misc":{"Temps estimat de lectura":"4 minuts"},"schema":{"@context":"https:\/\/schema.org","@graph":[{"@type":"WebPage","@id":"https:\/\/bluleg.com\/ca\/serveis\/","url":"https:\/\/bluleg.com\/ca\/serveis\/","name":"Serveis - Servicios Generales Bluleg","isPartOf":{"@id":"https:\/\/bluleg.com\/ca\/#website"},"datePublished":"2017-10-16T11:06:09+00:00","dateModified":"2024-03-08T01:36:07+00:00","breadcrumb":{"@id":"https:\/\/bluleg.com\/ca\/serveis\/#breadcrumb"},"inLanguage":"ca","potentialAction":[{"@type":"ReadAction","target":["https:\/\/bluleg.com\/ca\/serveis\/"]}]},{"@type":"BreadcrumbList","@id":"https:\/\/bluleg.com\/ca\/serveis\/#breadcrumb","itemListElement":[{"@type":"ListItem","position":1,"name":"Portada","item":"https:\/\/bluleg.com\/ca\/"},{"@type":"ListItem","position":2,"name":"Serveis"}]},{"@type":"WebSite","@id":"https:\/\/bluleg.com\/ca\/#website","url":"https:\/\/bluleg.com\/ca\/","name":"Servicios Generales Bluleg","description":"","publisher":{"@id":"https:\/\/bluleg.com\/ca\/#organization"},"potentialAction":[{"@type":"SearchAction","target":{"@type":"EntryPoint","urlTemplate":"https:\/\/bluleg.com\/ca\/?s={search_term_string}"},"query-input":{"@type":"PropertyValueSpecification","valueRequired":true,"valueName":"search_term_string"}}],"inLanguage":"ca"},{"@type":"Organization","@id":"https:\/\/bluleg.com\/ca\/#organization","name":"Servicios Generales Bluleg","url":"https:\/\/bluleg.com\/ca\/","logo":{"@type":"ImageObject","inLanguage":"ca","@id":"https:\/\/bluleg.com\/ca\/#\/schema\/logo\/image\/","url":"","contentUrl":"","caption":"Servicios Generales Bluleg"},"image":{"@id":"https:\/\/bluleg.com\/ca\/#\/schema\/logo\/image\/"}}]}},"_links":{"self":[{"href":"https:\/\/bluleg.com\/ca\/wp-json\/wp\/v2\/pages\/14628","targetHints":{"allow":["GET"]}}],"collection":[{"href":"https:\/\/bluleg.com\/ca\/wp-json\/wp\/v2\/pages"}],"about":[{"href":"https:\/\/bluleg.com\/ca\/wp-json\/wp\/v2\/types\/page"}],"author":[{"embeddable":true,"href":"https:\/\/bluleg.com\/ca\/wp-json\/wp\/v2\/users\/2"}],"replies":[{"embeddable":true,"href":"https:\/\/bluleg.com\/ca\/wp-json\/wp\/v2\/comments?post=14628"}],"version-history":[{"count":4,"href":"https:\/\/bluleg.com\/ca\/wp-json\/wp\/v2\/pages\/14628\/revisions"}],"predecessor-version":[{"id":14678,"href":"https:\/\/bluleg.com\/ca\/wp-json\/wp\/v2\/pages\/14628\/revisions\/14678"}],"wp:attachment":[{"href":"https:\/\/bluleg.com\/ca\/wp-json\/wp\/v2\/media?parent=14628"}],"curies":[{"name":"wp","href":"https:\/\/api.w.org\/{rel}","templated":true}]}}