{"id":14623,"date":"2017-10-16T04:10:26","date_gmt":"2017-10-16T02:10:26","guid":{"rendered":"https:\/\/bluleg.com\/empresa\/"},"modified":"2024-03-08T02:36:07","modified_gmt":"2024-03-08T01:36:07","slug":"empresa","status":"publish","type":"page","link":"https:\/\/bluleg.com\/ca\/empresa\/","title":{"rendered":"Empresa"},"content":{"rendered":"<div class=\"wpb-content-wrapper\"><p>[vc_row el_class=&#8221;overflow-visible&#8221;][vc_column]\r\n\t<div class=\"agrikole-spacer clearfix\" data-desktop=\"110\" data-mobi=\"60\" data-smobi=\"60\"><\/div>[vc_row_inner][vc_column_inner width=&#8221;1\/2&#8243;]<div class=\"agrikole-headings clearfix \" data-font=70 data-mfont=60 style=\"\"><div class=\"pre-heading clearfix\" style=\"font-weight:600;color:#5b8c51;font-size:14px;letter-spacing:3px;\">\r\n\t\tSOBRE NOSOTROS\r\n\t<\/div><h2 class=\"heading clearfix \" style=\"line-height:70px;font-size:70px;\">\r\n\t\tSERVEIS GENERALS BLULEG\r\n\t<\/h2><div class=\"sep clearfix\" style=\"margin:5px 0 0;\">\r\n\t\t\t\t<img decoding=\"async\" alt=\"image\" src=\"https:\/\/bluleg.com\/wp-content\/uploads\/2020\/01\/separator.png\">\r\n\t\t\t<\/div><\/div>[\/vc_column_inner][vc_column_inner width=&#8221;1\/2&#8243;]\r\n\t<div class=\"agrikole-spacer clearfix\" data-desktop=\"10\" data-mobi=\"10\" data-smobi=\"10\"><\/div>[vc_column_text]<span>SERVEIS GENERALS BLULEG SL \u00e9s el cor d&#8217;una empresa familiar que batega fort al Prat de Llobregat, Barcelona. Des de la cura meticulosa dels nostres olivars fins a la meticulosa selecci\u00f3 de cada oliva per a la m\u00f2lta, la nostra hist\u00f2ria \u00e9s una de dedicaci\u00f3, qualitat i amor per la terra. Connectem cada baula del proc\u00e9s, des del reg, la poda i el tractament fitosanitari, fins a la recol\u00b7lecci\u00f3 i elaboraci\u00f3 de l&#8217;oli verge extra, sempre en estreta col\u00b7laboraci\u00f3 amb ALMAZARA CUCURULL, el nostre soci estrat\u00e8gic en la creaci\u00f3 de productes excepcionals.<\/span>[\/vc_column_text][\/vc_column_inner][\/vc_row_inner]\r\n\t<div class=\"agrikole-spacer clearfix\" data-desktop=\"55\" data-mobi=\"30\" data-smobi=\"30\"><\/div>[vc_row_inner equal_height=&#8221;yes&#8221;][vc_column_inner]<div class=\"agrikole-images-grid clearfix\" data-layout=\"grid\" data-column=\"2\" data-column2=\"2\" data-column3=\"2\" data-column4=\"2\" data-gaph=\"30\" data-gapv=\"30\"><div id=\"images-wrap\" class=\"cbp\"><div class=\"cbp-item\"><div class=\"item-wrap\" style=\"border-radius:5px;overflow:hidden;\"><a class=\"zoom-popup cbp-lightbox\" href=\"https:\/\/bluleg.com\/wp-content\/uploads\/2024\/03\/recolectar.olivas.webp\"><\/a><img decoding=\"async\" src=\"https:\/\/bluleg.com\/wp-content\/uploads\/2024\/03\/recolectar.olivas.webp\" alt=\"image\" \/><\/div><\/div><div class=\"cbp-item\"><div class=\"item-wrap\" style=\"border-radius:5px;overflow:hidden;\"><a class=\"zoom-popup cbp-lightbox\" href=\"https:\/\/bluleg.com\/wp-content\/uploads\/2024\/03\/tractor-and-olive-trees-2023-11-27-05-12-54-utc.square.webp\"><\/a><img decoding=\"async\" src=\"https:\/\/bluleg.com\/wp-content\/uploads\/2024\/03\/tractor-and-olive-trees-2023-11-27-05-12-54-utc.square.webp\" alt=\"image\" \/><\/div><\/div><\/div><\/div>\r\n\t<div class=\"agrikole-spacer clearfix\" data-desktop=\"0\" data-mobi=\"30\" data-smobi=\"30\"><\/div>[\/vc_column_inner][\/vc_row_inner]\r\n\t<div class=\"agrikole-spacer clearfix\" data-desktop=\"120\" data-mobi=\"60\" data-smobi=\"60\"><\/div>[\/vc_column][\/vc_row][vc_row parallax=&#8221;content-moving&#8221; full_width=&#8221;stretch_row&#8221; css=&#8221;.vc_custom_1709860650237{background-image: url(https:\/\/bluleg.com\/wp-content\/uploads\/2024\/03\/SLIDER3.webp?id=14603) !important;background-position: center;background-repeat: no-repeat !important;background-size: cover !important;}&#8221;][vc_column]\r\n\t<div class=\"agrikole-spacer clearfix\" data-desktop=\"135\" data-mobi=\"60\" data-smobi=\"60\"><\/div>\r\n\t<div class=\"agrikole-spacer clearfix\" data-desktop=\"62\" data-mobi=\"40\" data-smobi=\"40\"><\/div><div class=\"agrikole-headings clearfix text-center\" data-font=80 data-mfont=66 style=\"\"><div class=\"pre-heading clearfix\" style=\"font-weight:600;color:#eddd5e;font-size:18px;letter-spacing:3px;\">\r\n\t\tSOBRE NOSOTROS\r\n\t<\/div><h2 class=\"heading clearfix \" style=\"color:#ffffff;max-width:800px;margin-left: auto; margin-right: auto;line-height:100px;margin-top:16px;font-size:80px;\">\r\n\t\tSERVEIS GENERALS BLULEG\r\n\t<\/h2><\/div>\r\n\t<div class=\"agrikole-spacer clearfix\" data-desktop=\"35\" data-mobi=\"35\" data-smobi=\"35\"><\/div>\r\n\t<div class=\"agrikole-spacer clearfix\" data-desktop=\"110\" data-mobi=\"60\" data-smobi=\"60\"><\/div>[\/vc_column][\/vc_row][vc_row full_width=&#8221;stretch_row&#8221; css=&#8221;.vc_custom_1582081388323{background-color: #f5f0e9 !important;}&#8221;][vc_column]\r\n\t<div class=\"agrikole-spacer clearfix\" data-desktop=\"120\" data-mobi=\"60\" data-smobi=\"60\"><\/div>[vc_row_inner][vc_column_inner width=&#8221;1\/2&#8243;]<div class=\"agrikole-simple-image simple \" style=\"border-radius:5px;overflow:hidden;\">\r\n\t\t\t\t<img decoding=\"async\" alt=\"image\" src=\"https:\/\/bluleg.com\/wp-content\/uploads\/2024\/03\/closeup-shot-of-an-olive-harvest-in-the-olive-grov-2023-11-27-04-59-34-utc-copia.webp\" \/> \r\n\t\t\t<\/div>[\/vc_column_inner][vc_column_inner width=&#8221;1\/2&#8243;][\/vc_column_inner][\/vc_row_inner][\/vc_column][\/vc_row][vc_row][vc_column][vc_row_inner][vc_column_inner width=&#8221;1\/2&#8243;]<div class=\"agrikole-content-box clearfix \" data-padding=\"39px 60px\" data-mobipadding=\"39px 60px\" data-margin=\"-112px 0 0 30px\" data-mobimargin=\"-112px 0 0 30px\" >\r\n\t\t<div class=\"inner ctb-1578550974 accent\" style=\" width:270px;\"  data-rounded=\"5px\" data-border-style=\"solid\" data-border-style-hover=\"solid\">\r\n\t\t\t<div class=\"agrikole-headings clearfix \" data-font=60 style=\"\"><h2 class=\"heading clearfix \" style=\"color:#404a3d;line-height:60px;font-size:60px;\">\r\n\t\t10 ANYS\r\n\t<\/h2><div class=\"sub-heading clearfix\">\r\n\t\t<div style=\"color: #404a3d; letter-spacing: 2.5px; font-weight: 600;\">D&#8217;EXPERI\u00c8NCIA<\/div>\n\r\n\t<\/div><\/div>\r\n\t\t<\/div>\r\n\t<\/div>\r\n\t<div class=\"agrikole-spacer clearfix\" data-desktop=\"100\" data-mobi=\"0\" data-smobi=\"500\"><\/div>[\/vc_column_inner][vc_column_inner width=&#8221;1\/2&#8243;]<div class=\"agrikole-content-box clearfix \" data-padding=\"110px 120px 120px\" data-mobipadding=\"60px\" data-margin=\"-543px 0px 0px -150px\" data-mobimargin=\"-443px 0px 0px 0px\" >\r\n\t\t<div class=\"inner ctb-952382293\" style=\"\"  data-background=\"#ffffff\" data-rounded=\"5px\" data-border-style=\"solid\" data-shadow=\" 0px 20px 20px 0px rgba(0,0,0,0.05)\" data-border-style-hover=\"solid\">\r\n\t\t\t\r\n\t<div class=\"agrikole-spacer clearfix\" data-desktop=\"15\" data-mobi=\"15\" data-smobi=\"15\"><\/div>[vc_column_text]<span>Des de la nostra fundaci\u00f3 el mar\u00e7 del 2014, ens hem dedicat amb passi\u00f3 a transformar finques agr\u00edcoles en pr\u00f2spers oliverars, per tal de produir l&#8217;oli d&#8217;oliva verge extra m\u00e9s pur i de la m\u00e9s alta qualitat. Amb aproximadament 100 hect\u00e0rees entre propietats i terrenys llogats dedicats exclusivament a l&#8217;oliva, el nostre comprom\u00eds \u00e9s amb l&#8217;excel\u00b7l\u00e8ncia i la sostenibilitat a cada gota d&#8217;oli que produ\u00efm.<\/span>[\/vc_column_text]\r\n\t<div class=\"agrikole-spacer clearfix\" data-desktop=\"35\" data-mobi=\"35\" data-smobi=\"35\"><\/div>\r\n\t<div class=\"agrikole-progress clearfix \" style=\"\"><div class=\"title\" style=\"\">AGRICULTURA<\/div> <div class=\"perc-wrap\" style=\"\"><div class=\"perc \" style=\"\"><span>68%<\/span><\/div><\/div>\r\n\t\t<div class=\"progress-wrap\" style=\"background-color:#f5f0e9;overflow:hidden;border-radius:7px;margin-top:22px;\">\r\n\t\t\t<div class=\"progress-animate \" data-valuemax=\"100\" data-valuemin=\"0\" data-valuenow=\"68\" style=\"background-color:#5b8c51;height:13px;overflow:hidden;border-radius:7px;\">\r\n\t\t\t<\/div>\r\n\t\t<\/div>\r\n\t<\/div>\r\n\t<div class=\"agrikole-spacer clearfix\" data-desktop=\"15\" data-mobi=\"15\" data-smobi=\"15\"><\/div>\r\n\t<div class=\"agrikole-progress clearfix \" style=\"\"><div class=\"title\" style=\"\">SOSTENIBLE<\/div> <div class=\"perc-wrap\" style=\"\"><div class=\"perc \" style=\"\"><span>89%<\/span><\/div><\/div>\r\n\t\t<div class=\"progress-wrap\" style=\"background-color:#f5f0e9;overflow:hidden;border-radius:7px;margin-top:22px;\">\r\n\t\t\t<div class=\"progress-animate \" data-valuemax=\"100\" data-valuemin=\"0\" data-valuenow=\"89\" style=\"background-color:#5b8c51;height:13px;overflow:hidden;border-radius:7px;\">\r\n\t\t\t<\/div>\r\n\t\t<\/div>\r\n\t<\/div>\r\n\t\t<\/div>\r\n\t<\/div>[\/vc_column_inner][\/vc_row_inner][\/vc_column][\/vc_row][vc_row full_width=&#8221;stretch_row&#8221; css=&#8221;.vc_custom_1709861107996{background-image: url(https:\/\/bluleg.com\/wp-content\/uploads\/2024\/03\/slider2.webp?id=14560) !important;background-position: center !important;background-repeat: no-repeat !important;background-size: cover !important;}&#8221;][vc_column]\r\n\t<div class=\"agrikole-spacer clearfix\" data-desktop=\"107\" data-mobi=\"60\" data-smobi=\"60\"><\/div><div class=\"agrikole-headings clearfix text-center\" data-font=60 data-mfont=65 style=\"\"><h2 class=\"heading clearfix \" style=\"color:#ffffff;max-width:860px;margin-left: auto; margin-right: auto;line-height:70px;margin-bottom:18px;font-size:60px;\">\r\n\t\tLA M\u00c9S ALTA QUALITAT EN ELS NOSTRES CULTIUS PER A LA PRODUCCI\u00d3 D&#039;OLI D&#039;OLIVA DE LA M\u00c9S ALTA QUALITAT\r\n\t<\/h2><\/div>\r\n\t<div class=\"agrikole-spacer clearfix\" data-desktop=\"50\" data-mobi=\"40\" data-smobi=\"40\"><\/div><div class=\"agrikole-align-box  mobi-align-center align-center\"><div class=\"button-wrap icon-right\" style=\"\" ><a href=\"\/servicios\" target=\"_self\" class=\"agrikole-button btn-2100251259 medium no_icon accent custom\" style=\"border-radius:5px;\"  data-text=\"#ffffff\" data-text-hover=\"#404a3d\" data-background-hover=\"#ffffff\">\r\n\t\t<span style=\"\">ELS NOSTRES SERVEIS <\/span>\r\n\t<\/a><\/div><\/div>\r\n\t<div class=\"agrikole-spacer clearfix\" data-desktop=\"120\" data-mobi=\"60\" data-smobi=\"60\"><\/div>[\/vc_column][\/vc_row]<\/p>\n<\/div>","protected":false},"excerpt":{"rendered":"<p>[vc_row el_class=&#8221;overflow-visible&#8221;][vc_column][vc_row_inner][vc_column_inner width=&#8221;1\/2&#8243;][\/vc_column_inner][vc_column_inner width=&#8221;1\/2&#8243;][vc_column_text]SERVEIS GENERALS BLULEG SL \u00e9s el cor d&#8217;una empresa familiar que batega fort al Prat de Llobregat, Barcelona. Des de la cura meticulosa dels nostres olivars fins a la meticulosa selecci\u00f3 de cada oliva per a la m\u00f2lta, la nostra hist\u00f2ria \u00e9s una de dedicaci\u00f3, qualitat i<\/p>\n","protected":false},"author":2,"featured_media":0,"parent":0,"menu_order":200,"comment_status":"closed","ping_status":"closed","template":"","meta":{"inline_featured_image":false,"footnotes":""},"class_list":["post-14623","page","type-page","status-publish","hentry"],"yoast_head":"<!-- This site is optimized with the Yoast SEO plugin v24.1 - https:\/\/yoast.com\/wordpress\/plugins\/seo\/ -->\n<title>Empresa - Servicios Generales Bluleg<\/title>\n<meta name=\"robots\" content=\"index, follow, max-snippet:-1, max-image-preview:large, max-video-preview:-1\" \/>\n<link rel=\"canonical\" href=\"https:\/\/bluleg.com\/ca\/empresa\/\" \/>\n<meta property=\"og:locale\" content=\"ca_ES\" \/>\n<meta property=\"og:type\" content=\"article\" \/>\n<meta property=\"og:title\" content=\"Empresa - Servicios Generales Bluleg\" \/>\n<meta property=\"og:description\" content=\"[vc_row el_class=&#8221;overflow-visible&#8221;][vc_column][vc_row_inner][vc_column_inner width=&#8221;1\/2&#8243;][\/vc_column_inner][vc_column_inner width=&#8221;1\/2&#8243;][vc_column_text]SERVEIS GENERALS BLULEG SL \u00e9s el cor d&#8217;una empresa familiar que batega fort al Prat de Llobregat, Barcelona. Des de la cura meticulosa dels nostres olivars fins a la meticulosa selecci\u00f3 de cada oliva per a la m\u00f2lta, la nostra hist\u00f2ria \u00e9s una de dedicaci\u00f3, qualitat i\" \/>\n<meta property=\"og:url\" content=\"https:\/\/bluleg.com\/ca\/empresa\/\" \/>\n<meta property=\"og:site_name\" content=\"Servicios Generales Bluleg\" \/>\n<meta property=\"article:modified_time\" content=\"2024-03-08T01:36:07+00:00\" \/>\n<meta name=\"twitter:card\" content=\"summary_large_image\" \/>\n<meta name=\"twitter:label1\" content=\"Temps estimat de lectura\" \/>\n\t<meta name=\"twitter:data1\" content=\"4 minuts\" \/>\n<script type=\"application\/ld+json\" class=\"yoast-schema-graph\">{\"@context\":\"https:\/\/schema.org\",\"@graph\":[{\"@type\":\"WebPage\",\"@id\":\"https:\/\/bluleg.com\/ca\/empresa\/\",\"url\":\"https:\/\/bluleg.com\/ca\/empresa\/\",\"name\":\"Empresa - Servicios Generales Bluleg\",\"isPartOf\":{\"@id\":\"https:\/\/bluleg.com\/ca\/#website\"},\"datePublished\":\"2017-10-16T02:10:26+00:00\",\"dateModified\":\"2024-03-08T01:36:07+00:00\",\"breadcrumb\":{\"@id\":\"https:\/\/bluleg.com\/ca\/empresa\/#breadcrumb\"},\"inLanguage\":\"ca\",\"potentialAction\":[{\"@type\":\"ReadAction\",\"target\":[\"https:\/\/bluleg.com\/ca\/empresa\/\"]}]},{\"@type\":\"BreadcrumbList\",\"@id\":\"https:\/\/bluleg.com\/ca\/empresa\/#breadcrumb\",\"itemListElement\":[{\"@type\":\"ListItem\",\"position\":1,\"name\":\"Portada\",\"item\":\"https:\/\/bluleg.com\/ca\/\"},{\"@type\":\"ListItem\",\"position\":2,\"name\":\"Empresa\"}]},{\"@type\":\"WebSite\",\"@id\":\"https:\/\/bluleg.com\/ca\/#website\",\"url\":\"https:\/\/bluleg.com\/ca\/\",\"name\":\"Servicios Generales Bluleg\",\"description\":\"\",\"publisher\":{\"@id\":\"https:\/\/bluleg.com\/ca\/#organization\"},\"potentialAction\":[{\"@type\":\"SearchAction\",\"target\":{\"@type\":\"EntryPoint\",\"urlTemplate\":\"https:\/\/bluleg.com\/ca\/?s={search_term_string}\"},\"query-input\":{\"@type\":\"PropertyValueSpecification\",\"valueRequired\":true,\"valueName\":\"search_term_string\"}}],\"inLanguage\":\"ca\"},{\"@type\":\"Organization\",\"@id\":\"https:\/\/bluleg.com\/ca\/#organization\",\"name\":\"Servicios Generales Bluleg\",\"url\":\"https:\/\/bluleg.com\/ca\/\",\"logo\":{\"@type\":\"ImageObject\",\"inLanguage\":\"ca\",\"@id\":\"https:\/\/bluleg.com\/ca\/#\/schema\/logo\/image\/\",\"url\":\"\",\"contentUrl\":\"\",\"caption\":\"Servicios Generales Bluleg\"},\"image\":{\"@id\":\"https:\/\/bluleg.com\/ca\/#\/schema\/logo\/image\/\"}}]}<\/script>\n<!-- \/ Yoast SEO plugin. -->","yoast_head_json":{"title":"Empresa - Servicios Generales Bluleg","robots":{"index":"index","follow":"follow","max-snippet":"max-snippet:-1","max-image-preview":"max-image-preview:large","max-video-preview":"max-video-preview:-1"},"canonical":"https:\/\/bluleg.com\/ca\/empresa\/","og_locale":"ca_ES","og_type":"article","og_title":"Empresa - Servicios Generales Bluleg","og_description":"[vc_row el_class=&#8221;overflow-visible&#8221;][vc_column][vc_row_inner][vc_column_inner width=&#8221;1\/2&#8243;][\/vc_column_inner][vc_column_inner width=&#8221;1\/2&#8243;][vc_column_text]SERVEIS GENERALS BLULEG SL \u00e9s el cor d&#8217;una empresa familiar que batega fort al Prat de Llobregat, Barcelona. Des de la cura meticulosa dels nostres olivars fins a la meticulosa selecci\u00f3 de cada oliva per a la m\u00f2lta, la nostra hist\u00f2ria \u00e9s una de dedicaci\u00f3, qualitat i","og_url":"https:\/\/bluleg.com\/ca\/empresa\/","og_site_name":"Servicios Generales Bluleg","article_modified_time":"2024-03-08T01:36:07+00:00","twitter_card":"summary_large_image","twitter_misc":{"Temps estimat de lectura":"4 minuts"},"schema":{"@context":"https:\/\/schema.org","@graph":[{"@type":"WebPage","@id":"https:\/\/bluleg.com\/ca\/empresa\/","url":"https:\/\/bluleg.com\/ca\/empresa\/","name":"Empresa - Servicios Generales Bluleg","isPartOf":{"@id":"https:\/\/bluleg.com\/ca\/#website"},"datePublished":"2017-10-16T02:10:26+00:00","dateModified":"2024-03-08T01:36:07+00:00","breadcrumb":{"@id":"https:\/\/bluleg.com\/ca\/empresa\/#breadcrumb"},"inLanguage":"ca","potentialAction":[{"@type":"ReadAction","target":["https:\/\/bluleg.com\/ca\/empresa\/"]}]},{"@type":"BreadcrumbList","@id":"https:\/\/bluleg.com\/ca\/empresa\/#breadcrumb","itemListElement":[{"@type":"ListItem","position":1,"name":"Portada","item":"https:\/\/bluleg.com\/ca\/"},{"@type":"ListItem","position":2,"name":"Empresa"}]},{"@type":"WebSite","@id":"https:\/\/bluleg.com\/ca\/#website","url":"https:\/\/bluleg.com\/ca\/","name":"Servicios Generales Bluleg","description":"","publisher":{"@id":"https:\/\/bluleg.com\/ca\/#organization"},"potentialAction":[{"@type":"SearchAction","target":{"@type":"EntryPoint","urlTemplate":"https:\/\/bluleg.com\/ca\/?s={search_term_string}"},"query-input":{"@type":"PropertyValueSpecification","valueRequired":true,"valueName":"search_term_string"}}],"inLanguage":"ca"},{"@type":"Organization","@id":"https:\/\/bluleg.com\/ca\/#organization","name":"Servicios Generales Bluleg","url":"https:\/\/bluleg.com\/ca\/","logo":{"@type":"ImageObject","inLanguage":"ca","@id":"https:\/\/bluleg.com\/ca\/#\/schema\/logo\/image\/","url":"","contentUrl":"","caption":"Servicios Generales Bluleg"},"image":{"@id":"https:\/\/bluleg.com\/ca\/#\/schema\/logo\/image\/"}}]}},"_links":{"self":[{"href":"https:\/\/bluleg.com\/ca\/wp-json\/wp\/v2\/pages\/14623","targetHints":{"allow":["GET"]}}],"collection":[{"href":"https:\/\/bluleg.com\/ca\/wp-json\/wp\/v2\/pages"}],"about":[{"href":"https:\/\/bluleg.com\/ca\/wp-json\/wp\/v2\/types\/page"}],"author":[{"embeddable":true,"href":"https:\/\/bluleg.com\/ca\/wp-json\/wp\/v2\/users\/2"}],"replies":[{"embeddable":true,"href":"https:\/\/bluleg.com\/ca\/wp-json\/wp\/v2\/comments?post=14623"}],"version-history":[{"count":4,"href":"https:\/\/bluleg.com\/ca\/wp-json\/wp\/v2\/pages\/14623\/revisions"}],"predecessor-version":[{"id":14676,"href":"https:\/\/bluleg.com\/ca\/wp-json\/wp\/v2\/pages\/14623\/revisions\/14676"}],"wp:attachment":[{"href":"https:\/\/bluleg.com\/ca\/wp-json\/wp\/v2\/media?parent=14623"}],"curies":[{"name":"wp","href":"https:\/\/api.w.org\/{rel}","templated":true}]}}